{"id":9,"date":"2021-04-24T13:12:19","date_gmt":"2021-04-24T13:12:19","guid":{"rendered":"http:\/\/www.cobcastillalamancha.org\/blog\/?page_id=9"},"modified":"2021-04-24T14:02:40","modified_gmt":"2021-04-24T14:02:40","slug":"acerca-de","status":"publish","type":"page","link":"https:\/\/www.cobcastillalamancha.org\/blog\/acerca-de\/","title":{"rendered":"Acerca de"},"content":{"rendered":"\n<p>Son fines esenciales y fundamentales del Colegio: <\/p>\n\n\n\n<p>1. La ordenaci\u00f3n, en el \u00e1mbito de su competencia, y de acuerdo con lo establecido por las leyes, del ejercicio de la profesi\u00f3n de Bi\u00f3logo en todas sus formas y especialidades, la representaci\u00f3n exclusiva de esta profesi\u00f3n y la defensa de los intereses profesionales de los colegiados. <\/p>\n\n\n\n<p>2. Promoci\u00f3n, salvaguarda y observancia de los principios deontol\u00f3gicos y \u00e9ticos de la profesi\u00f3n de Bi\u00f3logo y de su dignidad y prestigio. <\/p>\n\n\n\n<p>3. La promoci\u00f3n y fomento del progreso de la Biolog\u00eda, del desarrollo cient\u00edfico y t\u00e9cnico de la profesi\u00f3n, as\u00ed como de la solidaridad profesional y del servicio de la profesi\u00f3n a la sociedad. <\/p>\n\n\n\n<p>4. La colaboraci\u00f3n con los poderes p\u00fablicos en la consecuci\u00f3n de los derechos individuales y colectivos reconocidos por la Constituci\u00f3n<\/p>\n","protected":false},"excerpt":{"rendered":"<p>Son fines esenciales y fundamentales del Colegio: 1. La ordenaci\u00f3n, en el \u00e1mbito de su competencia, y de acuerdo con lo establecido por las leyes, del ejercicio de la profesi\u00f3n de Bi\u00f3logo en todas sus formas y especialidades, la representaci\u00f3n exclusiva de esta profesi\u00f3n y la defensa de los intereses profesionales de los colegiados. 2. &hellip; <\/p>\n<p class=\"link-more\"><a href=\"https:\/\/www.cobcastillalamancha.org\/blog\/acerca-de\/\" class=\"more-link\">Continuar leyendo<span class=\"screen-reader-text\"> \u00abAcerca de\u00bb<\/span><\/a><\/p>\n","protected":false},"author":1,"featured_media":0,"parent":0,"menu_order":0,"comment_status":"closed","ping_status":"closed","template":"","meta":{"footnotes":""},"class_list":["post-9","page","type-page","status-publish","hentry"],"_links":{"self":[{"href":"https:\/\/www.cobcastillalamancha.org\/blog\/wp-json\/wp\/v2\/pages\/9","targetHints":{"allow":["GET"]}}],"collection":[{"href":"https:\/\/www.cobcastillalamancha.org\/blog\/wp-json\/wp\/v2\/pages"}],"about":[{"href":"https:\/\/www.cobcastillalamancha.org\/blog\/wp-json\/wp\/v2\/types\/page"}],"author":[{"embeddable":true,"href":"https:\/\/www.cobcastillalamancha.org\/blog\/wp-json\/wp\/v2\/users\/1"}],"replies":[{"embeddable":true,"href":"https:\/\/www.cobcastillalamancha.org\/blog\/wp-json\/wp\/v2\/comments?post=9"}],"version-history":[{"count":2,"href":"https:\/\/www.cobcastillalamancha.org\/blog\/wp-json\/wp\/v2\/pages\/9\/revisions"}],"predecessor-version":[{"id":70,"href":"https:\/\/www.cobcastillalamancha.org\/blog\/wp-json\/wp\/v2\/pages\/9\/revisions\/70"}],"wp:attachment":[{"href":"https:\/\/www.cobcastillalamancha.org\/blog\/wp-json\/wp\/v2\/media?parent=9"}],"curies":[{"name":"wp","href":"https:\/\/api.w.org\/{rel}","templated":true}]}}